{"id":618,"date":"2022-12-29T16:35:08","date_gmt":"2022-12-29T16:35:08","guid":{"rendered":"https:\/\/espaiblaussa.com\/?page_id=618"},"modified":"2022-12-30T11:00:51","modified_gmt":"2022-12-30T11:00:51","slug":"politica-de-cookies","status":"publish","type":"page","link":"https:\/\/espaiblaussa.com\/es\/politica-de-cookies\/","title":{"rendered":"Pol\u00edtica de cookies"},"content":{"rendered":"<div data-elementor-type=\"wp-page\" data-elementor-id=\"618\" class=\"elementor elementor-618\">\n\t\t\t\t\t\t\t\t\t<section class=\"elementor-section elementor-top-section elementor-element elementor-element-1f213c0 elementor-section-boxed elementor-section-height-default elementor-section-height-default\" data-id=\"1f213c0\" data-element_type=\"section\" data-settings=\"{&quot;background_background&quot;:&quot;classic&quot;}\">\n\t\t\t\t\t\t<div class=\"elementor-container elementor-column-gap-default\">\n\t\t\t\t\t<div class=\"elementor-column elementor-col-100 elementor-top-column elementor-element elementor-element-5ae40cc\" data-id=\"5ae40cc\" data-element_type=\"column\">\n\t\t\t<div class=\"elementor-widget-wrap elementor-element-populated\">\n\t\t\t\t\t\t\t\t<div class=\"elementor-element elementor-element-19740eb elementor-widget elementor-widget-heading\" data-id=\"19740eb\" data-element_type=\"widget\" data-widget_type=\"heading.default\">\n\t\t\t\t<div class=\"elementor-widget-container\">\n\t\t\t<style>\/*! elementor - v3.11.3 - 07-03-2023 *\/\n.elementor-heading-title{padding:0;margin:0;line-height:1}.elementor-widget-heading .elementor-heading-title[class*=elementor-size-]>a{color:inherit;font-size:inherit;line-height:inherit}.elementor-widget-heading .elementor-heading-title.elementor-size-small{font-size:15px}.elementor-widget-heading .elementor-heading-title.elementor-size-medium{font-size:19px}.elementor-widget-heading .elementor-heading-title.elementor-size-large{font-size:29px}.elementor-widget-heading .elementor-heading-title.elementor-size-xl{font-size:39px}.elementor-widget-heading .elementor-heading-title.elementor-size-xxl{font-size:59px}<\/style><h2 class=\"elementor-heading-title elementor-size-default\">Pol\u00edtica de cookies<\/h2>\t\t<\/div>\n\t\t\t\t<\/div>\n\t\t\t\t\t<\/div>\n\t\t<\/div>\n\t\t\t\t\t\t\t<\/div>\n\t\t<\/section>\n\t\t\t\t<section class=\"elementor-section elementor-top-section elementor-element elementor-element-7f90476 elementor-section-content-middle elementor-section-boxed elementor-section-height-default elementor-section-height-default\" data-id=\"7f90476\" data-element_type=\"section\">\n\t\t\t\t\t\t<div class=\"elementor-container elementor-column-gap-default\">\n\t\t\t\t\t<div class=\"elementor-column elementor-col-100 elementor-top-column elementor-element elementor-element-0c6e28e\" data-id=\"0c6e28e\" data-element_type=\"column\">\n\t\t\t<div class=\"elementor-widget-wrap elementor-element-populated\">\n\t\t\t\t\t\t\t\t<div class=\"elementor-element elementor-element-93b5726 elementor-widget elementor-widget-heading\" data-id=\"93b5726\" data-element_type=\"widget\" data-widget_type=\"heading.default\">\n\t\t\t\t<div class=\"elementor-widget-container\">\n\t\t\t<h5 class=\"elementor-heading-title elementor-size-default\">1. INFORMACI\u00d3 PER A L\u2019USUARI\n<\/h5>\t\t<\/div>\n\t\t\t\t<\/div>\n\t\t\t\t<div class=\"elementor-element elementor-element-c44ef48 elementor-widget elementor-widget-text-editor\" data-id=\"c44ef48\" data-element_type=\"widget\" data-widget_type=\"text-editor.default\">\n\t\t\t\t<div class=\"elementor-widget-container\">\n\t\t\t<style>\/*! elementor - v3.11.3 - 07-03-2023 *\/\n.elementor-widget-text-editor.elementor-drop-cap-view-stacked .elementor-drop-cap{background-color:#818a91;color:#fff}.elementor-widget-text-editor.elementor-drop-cap-view-framed .elementor-drop-cap{color:#818a91;border:3px solid;background-color:transparent}.elementor-widget-text-editor:not(.elementor-drop-cap-view-default) .elementor-drop-cap{margin-top:8px}.elementor-widget-text-editor:not(.elementor-drop-cap-view-default) .elementor-drop-cap-letter{width:1em;height:1em}.elementor-widget-text-editor .elementor-drop-cap{float:left;text-align:center;line-height:1;font-size:50px}.elementor-widget-text-editor .elementor-drop-cap-letter{display:inline-block}<\/style>\t\t\t\t<p>INFORMACI\u00d3 SOBRE COOKIES<br \/>D\u2019acord amb la Llei 34\/2002, de 11 de juliol, de serveis de la societat de la informaci\u00f3 i de comer\u00e7 electr\u00f2nic (LSSI), en<br \/>relaci\u00f3 amb el Reglament (UE) 2016\/679 de el Parlament Europeu i de Consell, de 27 de abril de 2016, General de<br \/>Protecci\u00f3 de Dades (GDPR) i la Llei Org\u00e0nica 3\/2018, de 5 de desembre, de Protecci\u00f3 de Dades i Garantia dels Drets<br \/>Digitals (LOPDGDD), \u00e9s obligat obtenir el consentiment expr\u00e9s de l\u2019usuari de totes les p\u00e0gines web que fan servir cookies<br \/>prescindibles, abans que aquest navegui per elles.<br \/>QU\u00c8 S\u00d3N LES COOKIES?<br \/>Les cookies i altres tecnologies similars com ara local shared objects, flash cookies o p\u00edxels, s\u00f3n eines emprades pels<br \/>servidors Web per emmagatzemar i recuperar informaci\u00f3 sobre els seus visitants, aix\u00ed com per oferir un correcte<br \/>funcionament del lloc.<br \/>Mitjan\u00e7ant l\u2019\u00fas d\u2019aquests dispositius es permet al servidor Web recordar algunes dades referents a l\u2019usuari, com les seves<br \/>prefer\u00e8ncies per a la visualitzaci\u00f3 de les p\u00e0gines d\u2019aquest servidor, nom i contrasenya, productes que m\u00e9s li interessen,<br \/>etc.<br \/>COOKIES AFECTADES PER LA NORMATIVA I COOKIES EXCEPTUADES<br \/>Segons la directiva de la UE, les cookies que requereixen el consentiment informat per part de l\u2019usuari s\u00f3n les cookies<br \/>anal\u00edtiques i les de publicitat i afiliaci\u00f3, i queden exceptuades les de car\u00e0cter t\u00e8cnic i les necess\u00e0ries per al funcionament<br \/>del lloc web o la prestaci\u00f3 de serveis expressament sol\u00b7licitats per l\u2019usuari.<br \/>TIPUS DE COOKIES<br \/>SEGONS LA FINALITAT<br \/>Cookies t\u00e8cniques i funcionals: s\u00f3n les que permeten a l\u2019usuari navegar a trav\u00e9s d\u2019una p\u00e0gina web, plataforma o<br \/>aplicaci\u00f3 i utilitzar les diferents opcions o serveis que hi hagi.<br \/>Cookies d\u2019an\u00e0lisi: s\u00f3n les que permeten al responsable d\u2019aquestes monitoritzar i analitzar el comportament dels<br \/>usuaris dels llocs web als quals estan vinculats. La informaci\u00f3 recollida mitjan\u00e7ant aquest tipus de cookies s\u2019utilitza<br \/>en el mesurament de l\u2019activitat dels llocs web, aplicaci\u00f3 o plataforma i per elaborar perfils de navegaci\u00f3 dels usuaris<br \/>d\u2019aquests llocs, aplicacions i plataformes, per tal d\u2019introduir millores en funci\u00f3 de l\u2019an\u00e0lisi de les dades d\u2019\u00fas que fan<br \/>els usuaris del servei.<br \/>Cookies publicit\u00e0ries: s\u00f3n aquelles que permeten gestionar, de la manera m\u00e9s efica\u00e7 possible, els espais<br \/>publicitaris que, si escau, l\u2019editor hagi incl\u00f2s en una p\u00e0gina web, aplicaci\u00f3 o plataforma des de la qual presta el<br \/>servei sol\u00b7licitat segons criteris com el contingut editat o la freq\u00fc\u00e8ncia en qu\u00e8 es mostren els anuncis.<br \/>Cookies de publicitat comportamental: recullen informaci\u00f3 sobre les prefer\u00e8ncies i eleccions personals de l\u2019usuari<br \/>(retargeting) per permetre gestionar, de la manera m\u00e9s efica\u00e7 possible, els espais publicitaris que, si escau, l\u2019editor<br \/>hagi incl\u00f2s en una p\u00e0gina web, aplicaci\u00f3 o plataforma des de la qual presta el servei sol\u00b7licitat.<br \/>Cookies socials: s\u00f3n aquelles que han estat instal\u00b7lades per les plataformes de xarxes socials en els serveis per<br \/>permetre-us compartir contingut amb els vostres amics i xarxes. Les plataformes de mitjans socials tenen la<br \/>capacitat de rastrejar la vostra activitat en l\u00ednia fora dels Serveis. Aix\u00f2 pot afectar el contingut i els missatges que<br \/>veieu en altres serveis que visiteu.<br \/>Cookies d\u2019afiliats: permeten fer un seguiment de les visites procedents d\u2019altres webs, amb les quals el lloc web<br \/>estableix un contracte d\u2019afiliaci\u00f3 (empreses d\u2019afiliaci\u00f3).<br \/>MERITXELL RICART OLL\u00c9<br \/>12-12-2022<br \/>P. 2<br \/>MERITXELL RICART OLL\u00c9<br \/>C\/Zurbano, 1 &#8211; B 2 08201 Sabadell (Barcelona)<br \/>Cookies de seguretat: emmagatzemen informaci\u00f3 xifrada per evitar que les dades que s\u2019hi guarden siguin<br \/>vulnerables a atacs maliciosos de tercers.<br \/>SEGONS LA PROPIETAT<br \/>Cookies pr\u00f2pies: s\u00f3n les que s\u2019envien a l\u2019equip terminal de l\u2019usuari des d\u2019un equip o domini gestionat pel propi<br \/>editor i des del qual es proporciona el servei sol\u00b7licitat per l\u2019usuari.<br \/>Cookies de tercers: s\u00f3n les que s\u2019envien a l\u2019equip terminal de l\u2019usuari des d\u2019un equip o domini que no \u00e9s gestionat<br \/>per l\u2019editor, sin\u00f3 per una altra entitat que tracta les dades obtingudes mitjan\u00e7ant les cookies.<br \/>SEGONS EL TERMINI DE CONSERVACI\u00d3<br \/>Cookies de sessi\u00f3: s\u00f3n un tipus de cookies dissenyades per obtenir i emmagatzemar dades mentre l\u2019usuari<br \/>accedeix a una p\u00e0gina web.<br \/>Cookies persistents: s\u00f3n un tipus de cookies en qu\u00e8 les dades segueixen emmagatzemades en el terminal i<br \/>poden ser accedides i tractades durant un per\u00edode definit pel responsable de la cookie, i que durar des d\u2019uns minuts<br \/>a diversos anys.<br \/>TRACTAMENT DE DADES PERSONALS<br \/>MERITXELL RICART OLL\u00c9 \u00e9s el Responsable del tractament de les dades personals de l\u2019Interessat i l\u2019informa que<br \/>aquestes dades es tractaran de conformitat amb el que estableix el Reglament (UE) 2016\/679, de 27 d\u2019abril de 2016<br \/>(GDPR), per la qual cosa se li facilita la seg\u00fcent informaci\u00f3 del tractament:<br \/>Finalitats del tractament: segons s\u2019especifica en l\u2019apartat de cookies que s\u2019utilitzen en aquest lloc web.<br \/>Legitimaci\u00f3 del tractament: llevat dels casos en qu\u00e8 resulti necessari per a la navegaci\u00f3 per la web, per consentiment de<br \/>l\u2019interessat (art. 6.1 GDPR).<br \/>Criteris de conservaci\u00f3 de les dades: segons s\u2019especifica en l\u2019apartat de cookies utilitzades al web.<br \/>Comunicaci\u00f3 de les dades: no es comunicaran les dades a tercers, excepte en cookies propietat de tercers o per<br \/>obligaci\u00f3 legal.<br \/>Drets que t\u00e9 l\u2019Interessat:<br \/>&#8211; Dret a retirar el consentiment en qualsevol moment.<br \/>Dret d\u2019acc\u00e9s, rectificaci\u00f3, portabilitat i supressi\u00f3 de les seves dades i de limitaci\u00f3 o oposici\u00f3 al seu tractament.<br \/>&#8211; Dret a presentar una reclamaci\u00f3 davant l\u2019Autoritat de control (www.aepd.es) si considera que el tractament no s\u2019ajusta a<br \/>la normativa vigent.<br \/>Dades de contacte per exercir els seus drets:<br \/>MERITXELL RICART OLL\u00c9. C\/Zurbano, 1 B 2 &#8211; 08201 Sabadell (Barcelona). E-mail: mricartolle@gmail.com<br \/>MERITXELL RICART OLL\u00c9<br \/>12-12-2022<br \/>P. 3<br \/>MERITXELL RICART OLL\u00c9<br \/>C\/Zurbano, 1 &#8211; B 2 08201 Sabadell (Barcelona)<br \/>COOKIES UTILITZADES EN AQUEST LLOC WEB<br \/>COOKIES CONTROLADES PER L\u2019EDITOR<br \/>T\u00e8cniques i funcional<br \/>Propietat Cookie Finalitat Pla\u00e7<br \/>espaiblaussa.com _ga_2LQ2F1WR6L Cookie necess\u00e0ria per a la utilitzaci\u00f3 de les opcions i serveis<br \/>de la p\u00e0gina web en un any<br \/>espaiblaussa.com _gat_gtag_UA_24<br \/>7443633_1<br \/>Cookie necess\u00e0ria per a la utilitzaci\u00f3 de les opcions i serveis<br \/>de la p\u00e0gina web Sessi\u00f3<br \/>Analitiques<br \/>Propietat Cookie Finalitat Pla\u00e7<br \/>espaiblaussa.com _ga ID s&#8217;utilitza per identificar els usuaris en un any<br \/>espaiblaussa.com _gid ID s&#8217;utilitza per identificar els usuaris durant 24 hores despr\u00e9s<br \/>de l&#8217;\u00faltima activitat en un dia<br \/>COOKIES DE TERCERS<br \/>Els serveis de tercers s\u00f3n aliens al control de l\u2019editor. Els prove\u00efdors poden modificar en qualsevol moment les seves<br \/>condicions de servei, finalitat i \u00fas de les cookies, etc.<br \/>Prove\u00efdors externs d\u2019aquest lloc web:<br \/>Editor Pol\u00edtica de privacitat<br \/>Google Analytics https:\/\/privacy.google.com\/take-control.html<br \/>PANELL DE CONFIGURACI\u00d3 DE COOKIES<br \/>Des d\u2019aquest panell pot configurar les cookies que el lloc web pot instal\u00b7lar en el seu navegador, excepte les cookies<br \/>t\u00e8cniques o funcionals que s\u00f3n necess\u00e0ries per a la navegaci\u00f3 i la utilitzaci\u00f3 de les diferents opcions o serveis que<br \/>s\u2019ofereixen.<br \/>Panell de cookies<br \/>COM GESTIONAR LES COOKIES DES DEL NAVEGADOR<br \/>MERITXELL RICART OLL\u00c9<br \/>12-12-2022<br \/>P. 4<br \/>MERITXELL RICART OLL\u00c9<br \/>C\/Zurbano, 1 &#8211; B 2 08201 Sabadell (Barcelona)<br \/>Eliminar les cookies del dispositiu<br \/>Les cookies que ja es troben en un dispositiu es poden eliminar esborrant l\u2019historial del<br \/>navegador, de manera que se suprimeixen les cookies de tots els llocs web visitats.<br \/>No obstant aix\u00f2, tamb\u00e9 es pot perdre part de la informaci\u00f3 desada (per exemple, les<br \/>dades d\u2019inici de sessi\u00f3 o les prefer\u00e8ncies de lloc web).<br \/>Gestionar les cookies<br \/>espec\u00edfiques del lloc<br \/>Per tenir un control m\u00e9s prec\u00eds de les cookies espec\u00edfiques de cada lloc, els usuaris<br \/>poden ajustar la seva configuraci\u00f3 de privacitat i cookies al navegador.<br \/>Bloquejar les cookies<br \/>Encara que la majoria dels navegadors moderns es poden configurar per evitar que<br \/>s\u2019instal\u00b7lin cookies en els dispositius, aix\u00f2 pot obligar a ajustar manualment determinades<br \/>prefer\u00e8ncies cada vegada que es visiti un lloc o p\u00e0gina. A m\u00e9s, alguns serveis i<br \/>caracter\u00edstiques poden no funcionar correctament (per exemple, els inicis de sessi\u00f3 amb<br \/>perfil).<br \/>COM ELIMINAR LES COOKIES DELS NAVEGADORS M\u00c9S COMUNS<br \/>Chrome http:\/\/support.google.com\/chrome\/answer\/95647?hl=es<br \/>Edge https:\/\/support.microsoft.com\/es-es\/microsoft-edge\/eliminar-las-cookies-en-microsoft-edge-63947406-40ac-c3b8-57b9-2a946a29ae09<br \/>Explorer https:\/\/support.microsoft.com\/es-es\/help\/278835\/how-to-delete-cookie-files-in-internet-explorer<br \/>Firefox https:\/\/www.mozilla.org\/es-ES\/privacy\/websites\/#cookies<br \/>Safari https:\/\/support.apple.com\/es-es\/guide\/safari\/sfri11471\/mac<br \/>Opera https:\/\/help.opera.com\/en\/latest\/security-and-privacy\/#clearBrowsingData<\/p>\t\t\t\t\t\t<\/div>\n\t\t\t\t<\/div>\n\t\t\t\t\t<\/div>\n\t\t<\/div>\n\t\t\t\t\t\t\t<\/div>\n\t\t<\/section>\n\t\t\t\t\t\t\t<\/div>","protected":false},"excerpt":{"rendered":"<p>1. INFORMACI\u00d3 PER A L\u2019USUARI INFORMACI\u00d3 SOBRE COOKIESD\u2019acord amb la Llei 34\/2002, de 11 de juliol, de serveis de la societat de la informaci\u00f3 i de comer\u00e7 electr\u00f2nic (LSSI), enrelaci\u00f3 amb el Reglament (UE) 2016\/679 de el Parlament Europeu i de Consell, de 27 de abril de 2016, General deProtecci\u00f3 de Dades (GDPR) i la [&hellip;]<\/p>","protected":false},"author":1,"featured_media":0,"parent":0,"menu_order":0,"comment_status":"closed","ping_status":"closed","template":"elementor_header_footer","meta":{"footnotes":""},"class_list":["post-618","page","type-page","status-publish","hentry"],"_links":{"self":[{"href":"https:\/\/espaiblaussa.com\/es\/wp-json\/wp\/v2\/pages\/618","targetHints":{"allow":["GET"]}}],"collection":[{"href":"https:\/\/espaiblaussa.com\/es\/wp-json\/wp\/v2\/pages"}],"about":[{"href":"https:\/\/espaiblaussa.com\/es\/wp-json\/wp\/v2\/types\/page"}],"author":[{"embeddable":true,"href":"https:\/\/espaiblaussa.com\/es\/wp-json\/wp\/v2\/users\/1"}],"replies":[{"embeddable":true,"href":"https:\/\/espaiblaussa.com\/es\/wp-json\/wp\/v2\/comments?post=618"}],"version-history":[{"count":10,"href":"https:\/\/espaiblaussa.com\/es\/wp-json\/wp\/v2\/pages\/618\/revisions"}],"predecessor-version":[{"id":630,"href":"https:\/\/espaiblaussa.com\/es\/wp-json\/wp\/v2\/pages\/618\/revisions\/630"}],"wp:attachment":[{"href":"https:\/\/espaiblaussa.com\/es\/wp-json\/wp\/v2\/media?parent=618"}],"curies":[{"name":"wp","href":"https:\/\/api.w.org\/{rel}","templated":true}]}}