{"id":632,"date":"2023-02-07T18:50:18","date_gmt":"2023-02-07T18:50:18","guid":{"rendered":"https:\/\/espaiblaussa.com\/?page_id=632"},"modified":"2023-02-07T19:02:59","modified_gmt":"2023-02-07T19:02:59","slug":"avis-legal","status":"publish","type":"page","link":"https:\/\/espaiblaussa.com\/es\/avis-legal\/","title":{"rendered":"Av\u00eds legal"},"content":{"rendered":"<div data-elementor-type=\"wp-page\" data-elementor-id=\"632\" class=\"elementor elementor-632\">\n\t\t\t\t\t\t\t\t\t<section class=\"elementor-section elementor-top-section elementor-element elementor-element-47b42c1 elementor-section-boxed elementor-section-height-default elementor-section-height-default\" data-id=\"47b42c1\" data-element_type=\"section\" data-settings=\"{&quot;background_background&quot;:&quot;classic&quot;}\">\n\t\t\t\t\t\t<div class=\"elementor-container elementor-column-gap-default\">\n\t\t\t\t\t<div class=\"elementor-column elementor-col-100 elementor-top-column elementor-element elementor-element-fc654d7\" data-id=\"fc654d7\" data-element_type=\"column\">\n\t\t\t<div class=\"elementor-widget-wrap elementor-element-populated\">\n\t\t\t\t\t\t\t\t<div class=\"elementor-element elementor-element-850f327 elementor-widget elementor-widget-heading\" data-id=\"850f327\" data-element_type=\"widget\" data-widget_type=\"heading.default\">\n\t\t\t\t<div class=\"elementor-widget-container\">\n\t\t\t<style>\/*! elementor - v3.11.3 - 07-03-2023 *\/\n.elementor-heading-title{padding:0;margin:0;line-height:1}.elementor-widget-heading .elementor-heading-title[class*=elementor-size-]>a{color:inherit;font-size:inherit;line-height:inherit}.elementor-widget-heading .elementor-heading-title.elementor-size-small{font-size:15px}.elementor-widget-heading .elementor-heading-title.elementor-size-medium{font-size:19px}.elementor-widget-heading .elementor-heading-title.elementor-size-large{font-size:29px}.elementor-widget-heading .elementor-heading-title.elementor-size-xl{font-size:39px}.elementor-widget-heading .elementor-heading-title.elementor-size-xxl{font-size:59px}<\/style><h2 class=\"elementor-heading-title elementor-size-default\">Av\u00eds legal<\/h2>\t\t<\/div>\n\t\t\t\t<\/div>\n\t\t\t\t\t<\/div>\n\t\t<\/div>\n\t\t\t\t\t\t\t<\/div>\n\t\t<\/section>\n\t\t\t\t<section class=\"elementor-section elementor-top-section elementor-element elementor-element-6999fe3 elementor-section-content-middle elementor-section-boxed elementor-section-height-default elementor-section-height-default\" data-id=\"6999fe3\" data-element_type=\"section\">\n\t\t\t\t\t\t<div class=\"elementor-container elementor-column-gap-default\">\n\t\t\t\t\t<div class=\"elementor-column elementor-col-100 elementor-top-column elementor-element elementor-element-e500c97\" data-id=\"e500c97\" data-element_type=\"column\">\n\t\t\t<div class=\"elementor-widget-wrap elementor-element-populated\">\n\t\t\t\t\t\t\t\t<div class=\"elementor-element elementor-element-68dc57c elementor-widget elementor-widget-heading\" data-id=\"68dc57c\" data-element_type=\"widget\" data-widget_type=\"heading.default\">\n\t\t\t\t<div class=\"elementor-widget-container\">\n\t\t\t<h5 class=\"elementor-heading-title elementor-size-default\">Av\u00eds legal activitat professional reglada\n<\/h5>\t\t<\/div>\n\t\t\t\t<\/div>\n\t\t\t\t<div class=\"elementor-element elementor-element-2b606a3 elementor-widget elementor-widget-heading\" data-id=\"2b606a3\" data-element_type=\"widget\" data-widget_type=\"heading.default\">\n\t\t\t\t<div class=\"elementor-widget-container\">\n\t\t\t<h5 class=\"elementor-heading-title elementor-size-default\">LLEI DELS SERVEIS DE LA SOCIETAT DE LA INFORMACI\u00d3 (LSSI)<\/h5>\t\t<\/div>\n\t\t\t\t<\/div>\n\t\t\t\t<div class=\"elementor-element elementor-element-503b3db elementor-widget elementor-widget-text-editor\" data-id=\"503b3db\" data-element_type=\"widget\" data-widget_type=\"text-editor.default\">\n\t\t\t\t<div class=\"elementor-widget-container\">\n\t\t\t<style>\/*! elementor - v3.11.3 - 07-03-2023 *\/\n.elementor-widget-text-editor.elementor-drop-cap-view-stacked .elementor-drop-cap{background-color:#818a91;color:#fff}.elementor-widget-text-editor.elementor-drop-cap-view-framed .elementor-drop-cap{color:#818a91;border:3px solid;background-color:transparent}.elementor-widget-text-editor:not(.elementor-drop-cap-view-default) .elementor-drop-cap{margin-top:8px}.elementor-widget-text-editor:not(.elementor-drop-cap-view-default) .elementor-drop-cap-letter{width:1em;height:1em}.elementor-widget-text-editor .elementor-drop-cap{float:left;text-align:center;line-height:1;font-size:50px}.elementor-widget-text-editor .elementor-drop-cap-letter{display:inline-block}<\/style>\t\t\t\t<p>MERITXELL RICART OLL\u00c9, responsable del lloc web, d\u2019ara endavant el RESPONSABLE, posa a<br \/>disposici\u00f3 dels usuaris aquest document, amb el qual pret\u00e9n fer complir les obligacions que estableix la<br \/>Llei 34\/2002, de 11 de juliol, de Serveis de la Societat de la Informaci\u00f3 i de Comer\u00e7 Electr\u00f2nic<br \/>(LSSICE), BOE N.o 166, aix\u00ed com informar tots els usuaris del lloc web sobre quines s\u00f3n les condicions<br \/>d\u2019\u00fas.<br \/>Qualsevol persona que accedeixi a aquest lloc web assumeix el paper d\u2019usuari i es compromet a<br \/>l\u2019observan\u00e7a i compliment rigor\u00f3s de les disposicions que s\u2019hi estableixen, aix\u00ed com a qualsevol altra<br \/>disposici\u00f3 legal s\u2019hi apliqui.<br \/>MERITXELL RICART OLL\u00c9 es reserva el dret de modificar qualsevol tipus d\u2019informaci\u00f3 que pugui<br \/>apar\u00e8ixer al lloc web, sense l\u2019obligaci\u00f3 de preavisar o assabentar els usuaris d\u2019aquestes obligacions,<br \/>at\u00e8s que es considera suficient la publicaci\u00f3 al lloc web de MERITXELL RICART OLL\u00c9.<\/p>\t\t\t\t\t\t<\/div>\n\t\t\t\t<\/div>\n\t\t\t\t<div class=\"elementor-element elementor-element-b0b63ae elementor-widget elementor-widget-heading\" data-id=\"b0b63ae\" data-element_type=\"widget\" data-widget_type=\"heading.default\">\n\t\t\t\t<div class=\"elementor-widget-container\">\n\t\t\t<h5 class=\"elementor-heading-title elementor-size-default\">1. DADES IDENTIFICADORES<\/h5>\t\t<\/div>\n\t\t\t\t<\/div>\n\t\t\t\t<div class=\"elementor-element elementor-element-fb4519d elementor-widget elementor-widget-text-editor\" data-id=\"fb4519d\" data-element_type=\"widget\" data-widget_type=\"text-editor.default\">\n\t\t\t\t<div class=\"elementor-widget-container\">\n\t\t\t\t\t\t\t<p>Nom del domini: espaiblaussa.com\/<br \/>Nom comercial: ESPAIBLAUSSA<br \/>Denominaci\u00f3 social: MERITXELL RICART OLL\u00c9<br \/>NIF: 44990897E<br \/>Domicili social: Carrer Zurbano, 1B Despatx 2, 08201 Sabadell, Barcelona<br \/>Tel\u00e8fon: 640978315<br \/>E-mail: meritxell@espaiblaussa.com<\/p><p><strong>Activitat reglada<\/strong><br \/>Col\u00b7legi Professional: Col\u00b7legi Oficial de Psicologia de Catalunya<br \/>N\u00fam. Col\u00b7legiat: 12430<br \/>T\u00edtol acad\u00e8mic oficial: 2003\/104106<br \/>Estat UE d\u2019expedici\u00f3: Espa\u00f1a<\/p>\t\t\t\t\t\t<\/div>\n\t\t\t\t<\/div>\n\t\t\t\t<div class=\"elementor-element elementor-element-503eb01 elementor-widget elementor-widget-heading\" data-id=\"503eb01\" data-element_type=\"widget\" data-widget_type=\"heading.default\">\n\t\t\t\t<div class=\"elementor-widget-container\">\n\t\t\t<h5 class=\"elementor-heading-title elementor-size-default\">2. DRETS DE PROPIETAT INTEL\u00b7LECTUAL I INDUSTRIAL\n<\/h5>\t\t<\/div>\n\t\t\t\t<\/div>\n\t\t\t\t<div class=\"elementor-element elementor-element-323dccf elementor-widget elementor-widget-text-editor\" data-id=\"323dccf\" data-element_type=\"widget\" data-widget_type=\"text-editor.default\">\n\t\t\t\t<div class=\"elementor-widget-container\">\n\t\t\t\t\t\t\tEl lloc web, incloent a t\u00edtol enunciatiu per\u00f2 no limitatiu la seva programaci\u00f3, edici\u00f3, compilaci\u00f3 i altres\nelements necessaris per al seu funcionament, els dissenys, logotips, text i\/o gr\u00e0fics, s\u00f3n propietat del\nRESPONSABLE o, si \u00e9s el cas, disposa de llic\u00e8ncia o autoritzaci\u00f3 expressa per part dels autors. Tots\nels continguts del lloc web es troben degudament protegits per la normativa de propietat intel\u00b7lectual i\nindustrial, aix\u00ed com inscrits en els registres p\u00fablics corresponents.\nIndependentment de la finalitat per a la qual fossin destinats, la reproducci\u00f3 total o parcial, \u00fas,\nexplotaci\u00f3, distribuci\u00f3 i comercialitzaci\u00f3, requereix en tot cas l\u2019autoritzaci\u00f3 escrita pr\u00e8via per part del\nRESPONSABLE. Qualsevol \u00fas no autoritzat pr\u00e8viament es considera un incompliment greu dels drets de propietat intel\u00b7lectual o industrial de l\u2019autor.\nEls dissenys, logotips, text i\/o gr\u00e0fics aliens al RESPONSABLE i que puguin apar\u00e8ixer al lloc web,\npertanyen als seus respectius propietaris, els quals s\u00f3n responsables de qualsevol possible\ncontrov\u00e8rsia que se\u2019n pugui desprendre. El RESPONSABLE autoritza expressament que tercers\npuguin redirigir directament als continguts concrets del lloc web, i en tot cas redirigir al lloc web\nprincipal de espaiblaussa.com\/.\nEl RESPONSABLE reconeix a favor dels seus titulars els corresponents drets de propietat intel\u00b7lectual i\nindustrial, sense implicar el seu sol esment o aparici\u00f3 al lloc web l\u2019exist\u00e8ncia de drets o responsabilitat\nsobre aquests, ni el suport, patrocini o recomanaci\u00f3 per part del RESPONSABLE.\nPer a efectuar qualsevol tipus d\u2019observaci\u00f3 pel que fa a possibles incompliments dels drets de propietat\nintel\u00b7lectual o industrial, aix\u00ed com sobre qualsevol dels continguts del lloc web, podeu fer-ho a trav\u00e9s del\ncorreu electr\u00f2nic meritxell@espaiblaussa.com.\t\t\t\t\t\t<\/div>\n\t\t\t\t<\/div>\n\t\t\t\t<div class=\"elementor-element elementor-element-92bb765 elementor-widget elementor-widget-heading\" data-id=\"92bb765\" data-element_type=\"widget\" data-widget_type=\"heading.default\">\n\t\t\t\t<div class=\"elementor-widget-container\">\n\t\t\t<h5 class=\"elementor-heading-title elementor-size-default\">3. EXEMPCI\u00d3 DE RESPONSABILITATS\n<\/h5>\t\t<\/div>\n\t\t\t\t<\/div>\n\t\t\t\t<div class=\"elementor-element elementor-element-54c290e elementor-widget elementor-widget-text-editor\" data-id=\"54c290e\" data-element_type=\"widget\" data-widget_type=\"text-editor.default\">\n\t\t\t\t<div class=\"elementor-widget-container\">\n\t\t\t\t\t\t\t<p>El RESPONSABLE s\u2019eximeix de qualsevol tipus de responsabilitat derivada de la informaci\u00f3 publicada<br \/>al seu lloc web en cas que aquesta informaci\u00f3 hagi estat manipulada o introdu\u00efda per un tercer ali\u00e8 al<br \/>RESPONSABLE.<\/p><p><b>\u00das de Cookies<br \/><\/b>Pot ser que aquest lloc web utilitzi cookies t\u00e8cniques (petits arxius d\u2019informaci\u00f3 que el servidor envia a<br \/>l\u2019ordinador de qui accedeix a la p\u00e0gina) per a dur a terme determinades funcions que es consideren<br \/>imprescindibles per al correcte funcionament i visualitzaci\u00f3 del web. Les cookies utilitzades tenen, en<br \/>qualsevol cas, car\u00e0cter temporal, amb l\u2019\u00fanica finalitat de fer que la navegaci\u00f3 sigui m\u00e9s eficient, i<br \/>desapareixen en finalitzar la sessi\u00f3 de l\u2019usuari. En cap cas, aquestes cookies no proporcionen per si<br \/>mateixes dades de car\u00e0cter personal i no s\u2019utilitzaran per a recollir dades d\u2019aquest tipus.<br \/>Mitjan\u00e7ant l\u2019\u00fas de cookies tamb\u00e9 \u00e9s possible que el servidor on es troba la web reconegui el navegador<br \/>que utilitza l\u2019usuari, amb la finalitat que la navegaci\u00f3 sigui m\u00e9s senzilla, tot permetent, per exemple,<br \/>l\u2019acc\u00e9s dels usuaris que s\u2019hagin registrat pr\u00e8viament a les \u00e0rees, serveis, promocions o concursos<br \/>reservats exclusivament a ells sense haver de registrar-se a cada visita. Tamb\u00e9 es poden utilitzar per a<br \/>mesurar l\u2019audi\u00e8ncia, par\u00e0metres de tr\u00e0nsit, controlar el progr\u00e9s i el nombre d\u2019entrades, etc. En aquests<br \/>casos, les cookies s\u00f3n prescindibles t\u00e8cnicament per\u00f2 beneficioses per a l\u2019usuari. Aquest lloc web no<br \/>instal\u00b7lar\u00e0 cookies prescindibles sense el consentiment previ de l\u2019usuari.<br \/>L\u2019usuari t\u00e9 la possibilitat de configurar el seu navegador per a ser alertat de la recepci\u00f3 de cookies i per<br \/>impedir-ne la instal\u00b7laci\u00f3 al seu equip. Si us plau, consulteu les instruccions del vostre navegador per a<br \/>ampliar aquesta informaci\u00f3.<\/p><p><b>Pol\u00edtica d\u2019enlla\u00e7os<br \/><\/b>Des del lloc web, \u00e9s possible que es redirigeixi a continguts de tercers llocs web. At\u00e8s que el<br \/>RESPONSABLE no pot controlar sempre els continguts introdu\u00efts per tercers en els seus llocs web<br \/>respectius, no assumeix cap tipus de responsabilitat respecte d\u2019aquests continguts. En qualsevol cas,<br \/>retirar\u00e0 immediatament qualsevol contingut que pugui transgredir la legislaci\u00f3 nacional o internacional,<br \/>la moral o l\u2019ordre p\u00fablic, tot retirant immediatament la redirecci\u00f3 a aquest lloc web i assabentant les<br \/>autoritats competents del contingut en q\u00fcesti\u00f3.<br \/>El RESPONSABLE no es fa responsable de la informaci\u00f3 i continguts emmagatzemats, a t\u00edtol<br \/>enunciatiu per\u00f2 no limitatiu, a f\u00f2rums, xats, generadors de blogs, comentaris, xarxes socials o<br \/>qualsevol altre mitj\u00e0 que permeti a tercers publicar continguts de manera independent en la p\u00e0gina web<br \/>del RESPONSABLE. Aix\u00f2 no obstant, i en compliment del que estableixen als articles 11 i 16 de la<br \/>LSSICE, es posa a disposici\u00f3 de tots els usuaris, autoritats i forces de seguretat que col\u00b7laboren de<br \/>manera activa en la retirada o, si escau, bloqueig de tots els continguts que puguin afectar o transgredir\u00a0<\/p><p>la legislaci\u00f3 nacional o internacional, els drets de tercers o la moral i l\u2019ordre p\u00fablic. En cas<br \/>que l\u2019usuari consideri que el lloc web cont\u00e9 material que pugui ser susceptible d\u2019aquesta classificaci\u00f3, li<br \/>preguem que ho notifiqui immediatament a l\u2019administrador del lloc web.<br \/>Aquest lloc web s\u2019ha revisat i provat perqu\u00e8 funcioni correctament. En principi, es pot garantir que<br \/>funcionar\u00e0 correctament els 365 dies de l\u2019any i les 24 hores al dia. Aix\u00f2 no obstant, el RESPONSABLE<br \/>no descarta la possibilitat que es produeixin errors de programaci\u00f3, o que hi tinguin lloc causes de<br \/>for\u00e7a major, cat\u00e0strofes naturals, vagues o circumst\u00e0ncies similars que facin impossible l\u2019acc\u00e9s a la<br \/>p\u00e0gina web.<\/p><p><b> Adreces IP<br \/><\/b> Els servidors del lloc web podran detectar autom\u00e0ticament l\u2019adre\u00e7a IP i el nom del domini utilitzats per<br \/>l\u2019usuari. Una adre\u00e7a IP \u00e9s un n\u00famero assignat autom\u00e0ticament a un ordinador aix\u00ed que es connecta a<br \/>Internet. Tota aquesta informaci\u00f3 queda registrada en un fitxer d\u2019activitat del servidor degudament<br \/>inscrit que permet processar les dades posteriorment per tal d\u2019obtenir mesuratges \u00fanicament<br \/>estad\u00edstics que permetin con\u00e8ixer el nombre d\u2019impressions de p\u00e0gines, el nombre de visites efectuades<br \/>als servidors web, l\u2019ordre de visites, el punt d\u2019acc\u00e9s, etc.<br \/>Per a la resoluci\u00f3 de totes les controv\u00e8rsies o q\u00fcestions relacionades amb aquest lloc web o de les<br \/>activitats que s\u2019hi duen a terme, s\u2019aplicar\u00e0 la legislaci\u00f3 espanyola, a la qual se sotmeten expressament<br \/>les parts, els quals tindran compet\u00e8ncia suficient per a la resoluci\u00f3 de tots els conflictes derivats o<br \/>relacionats amb el seu \u00fas els Jutjats i Tribunals m\u00e9s propers a Sabadell.<\/p>\t\t\t\t\t\t<\/div>\n\t\t\t\t<\/div>\n\t\t\t\t<div class=\"elementor-element elementor-element-e0aec01 elementor-widget elementor-widget-heading\" data-id=\"e0aec01\" data-element_type=\"widget\" data-widget_type=\"heading.default\">\n\t\t\t\t<div class=\"elementor-widget-container\">\n\t\t\t<h5 class=\"elementor-heading-title elementor-size-default\">4. LLEI APLICABLE I JURISDICCI\u00d3\n<\/h5>\t\t<\/div>\n\t\t\t\t<\/div>\n\t\t\t\t<div class=\"elementor-element elementor-element-b6d9847 elementor-widget elementor-widget-text-editor\" data-id=\"b6d9847\" data-element_type=\"widget\" data-widget_type=\"text-editor.default\">\n\t\t\t\t<div class=\"elementor-widget-container\">\n\t\t\t\t\t\t\t<p>Per a la resoluci\u00f3 de totes les controv\u00e8rsies o q\u00fcestions relacionades amb aquest lloc web o de les<br \/>activitats que s\u2019hi duen a terme, s\u2019aplicar\u00e0 la legislaci\u00f3 espanyola, a la qual se sotmeten expressament<br \/>les parts, els quals tindran compet\u00e8ncia suficient per a la resoluci\u00f3 de tots els conflictes derivats o<br \/>relacionats amb el seu \u00fas els Jutjats i Tribunals m\u00e9s propers a Sabadell.<\/p>\t\t\t\t\t\t<\/div>\n\t\t\t\t<\/div>\n\t\t\t\t\t<\/div>\n\t\t<\/div>\n\t\t\t\t\t\t\t<\/div>\n\t\t<\/section>\n\t\t\t\t\t\t\t<\/div>","protected":false},"excerpt":{"rendered":"<p>Av\u00eds legal activitat professional reglada LLEI DELS SERVEIS DE LA SOCIETAT DE LA INFORMACI\u00d3 (LSSI) MERITXELL RICART OLL\u00c9, responsable del lloc web, d\u2019ara endavant el RESPONSABLE, posa adisposici\u00f3 dels usuaris aquest document, amb el qual pret\u00e9n fer complir les obligacions que estableix laLlei 34\/2002, de 11 de juliol, de Serveis de la Societat de la [&hellip;]<\/p>","protected":false},"author":1,"featured_media":0,"parent":0,"menu_order":0,"comment_status":"closed","ping_status":"closed","template":"elementor_header_footer","meta":{"footnotes":""},"class_list":["post-632","page","type-page","status-publish","hentry"],"_links":{"self":[{"href":"https:\/\/espaiblaussa.com\/es\/wp-json\/wp\/v2\/pages\/632","targetHints":{"allow":["GET"]}}],"collection":[{"href":"https:\/\/espaiblaussa.com\/es\/wp-json\/wp\/v2\/pages"}],"about":[{"href":"https:\/\/espaiblaussa.com\/es\/wp-json\/wp\/v2\/types\/page"}],"author":[{"embeddable":true,"href":"https:\/\/espaiblaussa.com\/es\/wp-json\/wp\/v2\/users\/1"}],"replies":[{"embeddable":true,"href":"https:\/\/espaiblaussa.com\/es\/wp-json\/wp\/v2\/comments?post=632"}],"version-history":[{"count":25,"href":"https:\/\/espaiblaussa.com\/es\/wp-json\/wp\/v2\/pages\/632\/revisions"}],"predecessor-version":[{"id":658,"href":"https:\/\/espaiblaussa.com\/es\/wp-json\/wp\/v2\/pages\/632\/revisions\/658"}],"wp:attachment":[{"href":"https:\/\/espaiblaussa.com\/es\/wp-json\/wp\/v2\/media?parent=632"}],"curies":[{"name":"wp","href":"https:\/\/api.w.org\/{rel}","templated":true}]}}